{"id":591,"date":"2019-08-05T18:01:45","date_gmt":"2019-08-05T18:01:45","guid":{"rendered":"https:\/\/grupopitangueira.com.br\/staging\/?page_id=591"},"modified":"2019-08-05T18:09:17","modified_gmt":"2019-08-05T18:09:17","slug":"politica-de-privacidade","status":"publish","type":"page","link":"https:\/\/grupopitangueira.com.br\/staging\/politica-de-privacidade\/","title":{"rendered":"Pol\u00edtica de Privacidade"},"content":{"rendered":"\t\t<div class=\"elementor elementor-591\">\n\t\t\t<div class=\"elementor-inner\">\n\t\t\t\t<div class=\"elementor-section-wrap\">\n\t\t\t\t\t\t\t<section data-id=\"780a9e5d\" class=\"elementor-element elementor-element-780a9e5d elementor-section-boxed elementor-section-height-default elementor-section-height-default elementor-section elementor-top-section\" data-element_type=\"section\">\n\t\t\t\t\t\t<div class=\"elementor-container elementor-column-gap-default\">\n\t\t\t\t<div class=\"elementor-row\">\n\t\t\t\t<div data-id=\"5e7e2e93\" class=\"elementor-element elementor-element-5e7e2e93 elementor-column elementor-col-100 elementor-top-column\" data-element_type=\"column\">\n\t\t\t<div class=\"elementor-column-wrap elementor-element-populated\">\n\t\t\t\t\t<div class=\"elementor-widget-wrap\">\n\t\t\t\t<div data-id=\"664804f2\" class=\"elementor-element elementor-element-664804f2 elementor-widget elementor-widget-text-editor\" data-element_type=\"text-editor.default\">\n\t\t\t\t<div class=\"elementor-widget-container\">\n\t\t\t\t\t<div class=\"elementor-text-editor elementor-clearfix\"><!-- wp:fl-builder\/layout \/--><\/div>\n\t\t\t\t<\/div>\n\t\t\t\t<\/div>\n\t\t\t\t\t\t<\/div>\n\t\t\t<\/div>\n\t\t<\/div>\n\t\t\t\t\t\t<\/div>\n\t\t\t<\/div>\n\t\t<\/section>\n\t\t\t\t<section data-id=\"7091e1c\" class=\"elementor-element elementor-element-7091e1c elementor-section-boxed elementor-section-height-default elementor-section-height-default elementor-section elementor-top-section\" data-element_type=\"section\">\n\t\t\t\t\t\t<div class=\"elementor-container elementor-column-gap-default\">\n\t\t\t\t<div class=\"elementor-row\">\n\t\t\t\t<div data-id=\"6f36bb8\" class=\"elementor-element elementor-element-6f36bb8 elementor-column elementor-col-100 elementor-top-column\" data-element_type=\"column\">\n\t\t\t<div class=\"elementor-column-wrap elementor-element-populated\">\n\t\t\t\t\t<div class=\"elementor-widget-wrap\">\n\t\t\t\t<div data-id=\"1980a40\" class=\"elementor-element elementor-element-1980a40 elementor-widget elementor-widget-heading\" data-element_type=\"heading.default\">\n\t\t\t\t<div class=\"elementor-widget-container\">\n\t\t\t<h2 class=\"elementor-heading-title elementor-size-default\">Pol\u00edtica de Privacidade<\/h2>\t\t<\/div>\n\t\t\t\t<\/div>\n\t\t\t\t\t\t<\/div>\n\t\t\t<\/div>\n\t\t<\/div>\n\t\t\t\t\t\t<\/div>\n\t\t\t<\/div>\n\t\t<\/section>\n\t\t\t\t<section data-id=\"e684ff0\" class=\"elementor-element elementor-element-e684ff0 elementor-section-boxed elementor-section-height-default elementor-section-height-default elementor-section elementor-top-section\" data-element_type=\"section\">\n\t\t\t\t\t\t<div class=\"elementor-container elementor-column-gap-default\">\n\t\t\t\t<div class=\"elementor-row\">\n\t\t\t\t<div data-id=\"92cba43\" class=\"elementor-element elementor-element-92cba43 elementor-column elementor-col-100 elementor-top-column\" data-element_type=\"column\">\n\t\t\t<div class=\"elementor-column-wrap elementor-element-populated\">\n\t\t\t\t\t<div class=\"elementor-widget-wrap\">\n\t\t\t\t<div data-id=\"3a10769\" class=\"elementor-element elementor-element-3a10769 elementor-widget elementor-widget-text-editor\" data-element_type=\"text-editor.default\">\n\t\t\t\t<div class=\"elementor-widget-container\">\n\t\t\t\t\t<div class=\"elementor-text-editor elementor-clearfix\"><p>Ao se cadastrar no Espa\u00e7o Baob\u00e1 &#8211; Casa de Festas, para realizar um pedido de or\u00e7amento ou receber alguma oferta, armazenamos o seu endere\u00e7o de e-mail, endere\u00e7o ip e os demais dados que foram informados ao site em nosso banco de dados protegido e sigilosos, no qual apenas alguns funcion\u00e1rios habilitados, que s\u00e3o obrigados, por contrato, a manter confidencialidade de suas informa\u00e7\u00f5es.<br \/>Quando voc\u00ea se cadastra, solicitamos informa\u00e7\u00f5es tais como seu nome, endere\u00e7o de e- mail, data do evento, telefone fixo\/celular. Ao se cadastrar, voc\u00ea deixa de ser an\u00f4nimo para n\u00f3s.<br \/>Utilizamos os seus dados para o envio de nossas ofertas di\u00e1rias e e-mails promocionais. Voc\u00ea poder\u00e1 a qualquer momento solicitar a retirada de seu endere\u00e7o de e-mail de nossas listas de envio, basta responder a qualquer e-mail enviado pelo Atendimento ou Marketing do Espa\u00e7o Baob\u00e1. O Espa\u00e7o Baob\u00e1 n\u00e3o aluga, n\u00e3o vende e n\u00e3o compartilha as informa\u00e7\u00f5es pessoais com outras pessoas ou com empresas n\u00e3o afiliadas, exceto com objetivo de fornecer a voc\u00ea os produtos e servi\u00e7os solicitados, tendo obtido para tanto a sua permiss\u00e3o, ou em circunst\u00e2ncias espec\u00edficas como ordem judicial ou advindas de lei.<br \/>O Espa\u00e7o Baob\u00e1 poder\u00e1 eventualmente atualizar esta pol\u00edtica sem aviso pr\u00e9vio. As mudan\u00e7as mais significativas, quando oportuno, poder\u00e3o ser comunicadas em \u00e1rea de destaque no website ou atrav\u00e9s de e-mail.<br \/>Ao aceitar esta Pol\u00edtica de Privacidade, o usu\u00e1rio declara que est\u00e1 ciente e que concorda com a coleta e tratamento de seus dados.<\/p><\/div>\n\t\t\t\t<\/div>\n\t\t\t\t<\/div>\n\t\t\t\t\t\t<\/div>\n\t\t\t<\/div>\n\t\t<\/div>\n\t\t\t\t\t\t<\/div>\n\t\t\t<\/div>\n\t\t<\/section>\n\t\t\t\t\t\t<\/div>\n\t\t\t<\/div>\n\t\t<\/div>\n\t\t","protected":false},"excerpt":{"rendered":"<p>Pol\u00edtica de Privacidade Ao se cadastrar no Espa\u00e7o Baob\u00e1 &#8211; Casa de Festas, para realizar um pedido de or\u00e7amento ou receber alguma oferta, armazenamos o seu endere\u00e7o de e-mail, endere\u00e7o &#8230;<\/p>\n","protected":false},"author":1,"featured_media":0,"parent":0,"menu_order":0,"comment_status":"closed","ping_status":"closed","template":"elementor_canvas","meta":[],"_links":{"self":[{"href":"https:\/\/grupopitangueira.com.br\/staging\/wp-json\/wp\/v2\/pages\/591"}],"collection":[{"href":"https:\/\/grupopitangueira.com.br\/staging\/wp-json\/wp\/v2\/pages"}],"about":[{"href":"https:\/\/grupopitangueira.com.br\/staging\/wp-json\/wp\/v2\/types\/page"}],"author":[{"embeddable":true,"href":"https:\/\/grupopitangueira.com.br\/staging\/wp-json\/wp\/v2\/users\/1"}],"replies":[{"embeddable":true,"href":"https:\/\/grupopitangueira.com.br\/staging\/wp-json\/wp\/v2\/comments?post=591"}],"version-history":[{"count":3,"href":"https:\/\/grupopitangueira.com.br\/staging\/wp-json\/wp\/v2\/pages\/591\/revisions"}],"predecessor-version":[{"id":594,"href":"https:\/\/grupopitangueira.com.br\/staging\/wp-json\/wp\/v2\/pages\/591\/revisions\/594"}],"wp:attachment":[{"href":"https:\/\/grupopitangueira.com.br\/staging\/wp-json\/wp\/v2\/media?parent=591"}],"curies":[{"name":"wp","href":"https:\/\/api.w.org\/{rel}","templated":true}]}}