{"id":312,"date":"2018-11-27T12:31:05","date_gmt":"2018-11-27T12:31:05","guid":{"rendered":"https:\/\/grupopitangueira.com.br\/staging\/?page_id=312"},"modified":"2018-12-02T20:05:13","modified_gmt":"2018-12-02T20:05:13","slug":"a-baoba","status":"publish","type":"page","link":"https:\/\/grupopitangueira.com.br\/staging\/a-baoba\/","title":{"rendered":"A Baoba"},"content":{"rendered":"\t\t<div class=\"elementor elementor-312\">\n\t\t\t<div class=\"elementor-inner\">\n\t\t\t\t<div class=\"elementor-section-wrap\">\n\t\t\t\t\t\t\t<section data-id=\"390eb21\" class=\"elementor-element elementor-element-390eb21 elementor-section-boxed elementor-section-height-default elementor-section-height-default elementor-section elementor-top-section\" data-element_type=\"section\">\n\t\t\t\t\t\t<div class=\"elementor-container elementor-column-gap-default\">\n\t\t\t\t<div class=\"elementor-row\">\n\t\t\t\t<div data-id=\"02d89cf\" class=\"elementor-element elementor-element-02d89cf elementor-column elementor-col-33 elementor-top-column\" data-element_type=\"column\">\n\t\t\t<div class=\"elementor-column-wrap elementor-element-populated\">\n\t\t\t\t\t<div class=\"elementor-widget-wrap\">\n\t\t\t\t<div data-id=\"a4bd83d\" class=\"elementor-element elementor-element-a4bd83d elementor-widget elementor-widget-image\" data-element_type=\"image.default\">\n\t\t\t\t<div class=\"elementor-widget-container\">\n\t\t\t\t\t<div class=\"elementor-image\">\n\t\t\t\t\t\t\t\t\t\t<img decoding=\"async\" src=\"https:\/\/grupopitangueira.com.br\/staging\/wp-content\/uploads\/elementor\/thumbs\/logo-topo-baoba-q80e9aympsc6zw913x1hkpz1ngql7pojiee4pe1p7g.png\" title=\"logo-topo-baoba\" alt=\"logo-topo-baoba\" \/>\t\t\t\t\t\t\t\t\t\t\t<\/div>\n\t\t\t\t<\/div>\n\t\t\t\t<\/div>\n\t\t\t\t\t\t<\/div>\n\t\t\t<\/div>\n\t\t<\/div>\n\t\t\t\t<div data-id=\"2daae8f\" class=\"elementor-element elementor-element-2daae8f elementor-column elementor-col-66 elementor-top-column\" data-element_type=\"column\">\n\t\t\t<div class=\"elementor-column-wrap elementor-element-populated\">\n\t\t\t\t\t<div class=\"elementor-widget-wrap\">\n\t\t\t\t<div data-id=\"062ef3a\" class=\"elementor-element elementor-element-062ef3a elementor-widget elementor-widget-default-navmenu\" data-element_type=\"default-navmenu.default\">\n\t\t\t\t<div class=\"elementor-widget-container\">\n\t\t\t<div id=\"elementor-header-primary\" class=\"elementor-header\">\t\t\t<button id=\"elementor-menu-toggle\" class=\"elementor-menu-toggle\"><i class=\"fa fa-navicon\"><\/i><\/button>\n\t\t\t<div id=\"elementor-menu\" class=\"elementor-menu\">\n\t\t\t\n\t\t\t\t<nav itemtype=\"http:\/\/schema.org\/SiteNavigationElement\" itemscope=\"itemscope\" id=\"elementor-navigation\" class=\"elementor-navigation\" role=\"navigation\" aria-label=\"Elementor Menu\">\t\t\t\t\n\t\t\t\t<ul id=\"elementor-navmenu\" class=\"elementor-nav-menu\"><li id=\"menu-item-319\" class=\"menu-item menu-item-type-custom menu-item-object-custom menu-item-319\"><a href=\"https:\/\/grupopitangueira.com.br\/staging\/a-baoba\/\">A Baoba<\/a><\/li>\n<li id=\"menu-item-320\" class=\"menu-item menu-item-type-custom menu-item-object-custom menu-item-home menu-item-320\"><a href=\"https:\/\/grupopitangueira.com.br\/staging\/#nosso-espaco\">Nosso Espa\u00e7o<\/a><\/li>\n<li id=\"menu-item-323\" class=\"menu-item menu-item-type-custom menu-item-object-custom menu-item-home menu-item-323\"><a href=\"https:\/\/grupopitangueira.com.br\/staging\/#destaque\">Destaque<\/a><\/li>\n<li id=\"menu-item-321\" class=\"menu-item menu-item-type-custom menu-item-object-custom menu-item-home menu-item-321\"><a href=\"https:\/\/grupopitangueira.com.br\/staging\/#nossas-festas\">Nossas Festas<\/a><\/li>\n<li id=\"menu-item-322\" class=\"menu-item menu-item-type-custom menu-item-object-custom menu-item-home menu-item-322\"><a href=\"https:\/\/grupopitangueira.com.br\/staging\/#orcamento\">Solicite j\u00e1 seu Or\u00e7amento<\/a><\/li>\n<\/ul>\t\t\n\t\t\t\t\t\t\t\t<\/nav>\n\t\t\t<\/div>\n\t\t<\/div>\n\t\t\t\t<\/div>\n\t\t\t\t<\/div>\n\t\t\t\t\t\t<\/div>\n\t\t\t<\/div>\n\t\t<\/div>\n\t\t\t\t\t\t<\/div>\n\t\t\t<\/div>\n\t\t<\/section>\n\t\t\t\t<section data-id=\"b040ad1\" class=\"elementor-element elementor-element-b040ad1 elementor-section-boxed elementor-section-height-default elementor-section-height-default elementor-section elementor-top-section\" data-element_type=\"section\">\n\t\t\t\t\t\t<div class=\"elementor-container elementor-column-gap-default\">\n\t\t\t\t<div class=\"elementor-row\">\n\t\t\t\t<div data-id=\"f869f56\" class=\"elementor-element elementor-element-f869f56 elementor-column elementor-col-100 elementor-top-column\" data-element_type=\"column\">\n\t\t\t<div class=\"elementor-column-wrap elementor-element-populated\">\n\t\t\t\t\t<div class=\"elementor-widget-wrap\">\n\t\t\t\t<div data-id=\"16a698e\" class=\"elementor-element elementor-element-16a698e elementor-widget elementor-widget-image-carousel\" data-settings=\"{&quot;slides_to_show&quot;:&quot;1&quot;,&quot;navigation&quot;:&quot;arrows&quot;,&quot;pause_on_hover&quot;:&quot;yes&quot;,&quot;autoplay&quot;:&quot;yes&quot;,&quot;autoplay_speed&quot;:5000,&quot;infinite&quot;:&quot;yes&quot;,&quot;effect&quot;:&quot;slide&quot;,&quot;speed&quot;:500,&quot;direction&quot;:&quot;ltr&quot;}\" data-element_type=\"image-carousel.default\">\n\t\t\t\t<div class=\"elementor-widget-container\">\n\t\t\t\t\t<div class=\"elementor-image-carousel-wrapper elementor-slick-slider\" dir=\"ltr\">\n\t\t\t<div class=\"elementor-image-carousel slick-arrows-inside slick-image-stretch\">\n\t\t\t\t<div class=\"slick-slide\"><figure class=\"slick-slide-inner\"><img decoding=\"async\" class=\"slick-slide-image\" src=\"https:\/\/grupopitangueira.com.br\/staging\/wp-content\/uploads\/elementor\/thumbs\/7-q80e9aywr5hpa2je1n9f6l2p6180i5k186u8xnpy0k.png\" alt=\"7\" \/><\/figure><\/div><div class=\"slick-slide\"><figure class=\"slick-slide-inner\"><img decoding=\"async\" class=\"slick-slide-image\" src=\"https:\/\/grupopitangueira.com.br\/staging\/wp-content\/uploads\/elementor\/thumbs\/6-q80e9aywr5hpa2je1n9f6l2p6180i5k186u8xnpy0k.png\" alt=\"6\" \/><\/figure><\/div><div class=\"slick-slide\"><figure class=\"slick-slide-inner\"><img decoding=\"async\" class=\"slick-slide-image\" src=\"https:\/\/grupopitangueira.com.br\/staging\/wp-content\/uploads\/elementor\/thumbs\/5-q80e9aywr5hpa2je1n9f6l2p6180i5k186u8xnpy0k.png\" alt=\"5\" \/><\/figure><\/div><div class=\"slick-slide\"><figure class=\"slick-slide-inner\"><img decoding=\"async\" class=\"slick-slide-image\" src=\"https:\/\/grupopitangueira.com.br\/staging\/wp-content\/uploads\/elementor\/thumbs\/8-q80e9aywr5hpa2je1n9f6l2p6180i5k186u8xnpy0k.png\" alt=\"8\" \/><\/figure><\/div>\t\t\t<\/div>\n\t\t<\/div>\n\t\t\t\t<\/div>\n\t\t\t\t<\/div>\n\t\t\t\t\t\t<\/div>\n\t\t\t<\/div>\n\t\t<\/div>\n\t\t\t\t\t\t<\/div>\n\t\t\t<\/div>\n\t\t<\/section>\n\t\t\t\t<section data-id=\"098cb6d\" class=\"elementor-element elementor-element-098cb6d elementor-section-boxed elementor-section-height-default elementor-section-height-default elementor-section elementor-top-section\" data-element_type=\"section\">\n\t\t\t\t\t\t<div class=\"elementor-container elementor-column-gap-default\">\n\t\t\t\t<div class=\"elementor-row\">\n\t\t\t\t<div data-id=\"ccbb1db\" class=\"elementor-element elementor-element-ccbb1db elementor-column elementor-col-100 elementor-top-column\" data-element_type=\"column\">\n\t\t\t<div class=\"elementor-column-wrap elementor-element-populated\">\n\t\t\t\t\t<div class=\"elementor-widget-wrap\">\n\t\t\t\t<div data-id=\"ecb69ac\" class=\"elementor-element elementor-element-ecb69ac elementor-widget elementor-widget-heading\" data-element_type=\"heading.default\">\n\t\t\t\t<div class=\"elementor-widget-container\">\n\t\t\t<h2 class=\"elementor-heading-title elementor-size-default\">A Baoba<\/h2>\t\t<\/div>\n\t\t\t\t<\/div>\n\t\t\t\t<div data-id=\"9b9c93b\" class=\"elementor-element elementor-element-9b9c93b elementor-widget elementor-widget-image\" data-element_type=\"image.default\">\n\t\t\t\t<div class=\"elementor-widget-container\">\n\t\t\t\t\t<div class=\"elementor-image\">\n\t\t\t\t\t\t\t\t\t\t<img width=\"180\" height=\"42\" src=\"https:\/\/grupopitangueira.com.br\/staging\/wp-content\/uploads\/2018\/12\/separador-leranja-zz.png\" class=\"attachment-onepress-blog-small size-onepress-blog-small\" alt=\"\" decoding=\"async\" loading=\"lazy\" \/>\t\t\t\t\t\t\t\t\t\t\t<\/div>\n\t\t\t\t<\/div>\n\t\t\t\t<\/div>\n\t\t\t\t<div data-id=\"cc35fc3\" class=\"elementor-element elementor-element-cc35fc3 animated fadeInDown elementor-invisible elementor-widget elementor-widget-text-editor\" data-settings=\"{&quot;_animation&quot;:&quot;fadeInDown&quot;}\" data-element_type=\"text-editor.default\">\n\t\t\t\t<div class=\"elementor-widget-container\">\n\t\t\t\t\t<div class=\"elementor-text-editor elementor-clearfix\"><p>Em 2013, nascia o Espa\u00e7o Baob\u00e1: uma casa de festas diferenciada, para todas as idades, localizada na Tijuca\/RJ. Nossa maior proposta \u00e9 resgatar o l\u00fadico, a criatividade e as rela\u00e7\u00f5es humanas.<\/p><p>Montamos esse espa\u00e7o para estimular a brincadeira, a arte e o respeito ao pr\u00f3ximo e \u00e0 natureza. O resultado n\u00e3o poderia ter sido melhor!<\/p><p>As instala\u00e7\u00f5es foram pensadas cuidadosamente para que as crian\u00e7as tenham possibilidades criativas de desenvolvimento psicomotor, desfrutando de ambientes arejados e seguros onde experimentam o seu corpo em movimento. Aqui as crian\u00e7as brincam de verdade!<\/p><p>Contamos ainda com profissionais atentos e qualificados que acompanham as crian\u00e7as nas atividades, bombeiro civil em todas as festas, arvorismo, tirolesa, oficina de culin\u00e1ria, banho de mangueira, anima\u00e7\u00e3o diferenciada, decora\u00e7\u00e3o especial em mesa de demoli\u00e7\u00e3o, espa\u00e7o baby, lago interativo, campinho de futebol com grama sint\u00e9tica profissional, cozinha e feirinha, mini golfe, esta\u00e7\u00e3o das \u00e1guas, tanque de areia importada antibactericida e anti fungo e muito mais! Tudo isso em um espa\u00e7o requintado e cheio de estilo. Venha nos conhecer!<\/p><\/div>\n\t\t\t\t<\/div>\n\t\t\t\t<\/div>\n\t\t\t\t<section data-id=\"e93a54b\" class=\"elementor-element elementor-element-e93a54b elementor-section-boxed elementor-section-height-default elementor-section-height-default elementor-section elementor-inner-section\" data-element_type=\"section\">\n\t\t\t\t\t\t<div class=\"elementor-container elementor-column-gap-default\">\n\t\t\t\t<div class=\"elementor-row\">\n\t\t\t\t<div data-id=\"264f6b2\" class=\"elementor-element elementor-element-264f6b2 elementor-column elementor-col-50 elementor-inner-column\" data-element_type=\"column\">\n\t\t\t<div class=\"elementor-column-wrap elementor-element-populated\">\n\t\t\t\t\t<div class=\"elementor-widget-wrap\">\n\t\t\t\t<div data-id=\"423e628\" class=\"elementor-element elementor-element-423e628 elementor-view-default elementor-widget elementor-widget-icon\" data-element_type=\"icon.default\">\n\t\t\t\t<div class=\"elementor-widget-container\">\n\t\t\t\t\t<div class=\"elementor-icon-wrapper\">\n\t\t\t<a class=\"elementor-icon\" href=\"https:\/\/grupopitangueira.com.br\/staging\/\">\n\t\t\t\t<i class=\"fa fa-home\" aria-hidden=\"true\"><\/i>\n\t\t\t<\/a>\n\t\t<\/div>\n\t\t\t\t<\/div>\n\t\t\t\t<\/div>\n\t\t\t\t\t\t<\/div>\n\t\t\t<\/div>\n\t\t<\/div>\n\t\t\t\t<div data-id=\"ae87d1d\" class=\"elementor-element elementor-element-ae87d1d elementor-column elementor-col-50 elementor-inner-column\" data-element_type=\"column\">\n\t\t\t<div class=\"elementor-column-wrap elementor-element-populated\">\n\t\t\t\t\t<div class=\"elementor-widget-wrap\">\n\t\t\t\t<div data-id=\"d7658c1\" class=\"elementor-element elementor-element-d7658c1 elementor-widget elementor-widget-heading\" data-element_type=\"heading.default\">\n\t\t\t\t<div class=\"elementor-widget-container\">\n\t\t\t<h2 class=\"elementor-heading-title elementor-size-default\"><a href=\"https:\/\/grupopitangueira.com.br\/staging\/\">Voltar para o in\u00edcio<\/a><\/h2>\t\t<\/div>\n\t\t\t\t<\/div>\n\t\t\t\t\t\t<\/div>\n\t\t\t<\/div>\n\t\t<\/div>\n\t\t\t\t\t\t<\/div>\n\t\t\t<\/div>\n\t\t<\/section>\n\t\t\t\t\t\t<\/div>\n\t\t\t<\/div>\n\t\t<\/div>\n\t\t\t\t\t\t<\/div>\n\t\t\t<\/div>\n\t\t<\/section>\n\t\t\t\t<section data-id=\"1e60f67\" class=\"elementor-element elementor-element-1e60f67 elementor-section-boxed elementor-section-height-default elementor-section-height-default elementor-section elementor-top-section\" data-settings=\"{&quot;background_background&quot;:&quot;classic&quot;}\" data-element_type=\"section\">\n\t\t\t\t\t\t<div class=\"elementor-container elementor-column-gap-default\">\n\t\t\t\t<div class=\"elementor-row\">\n\t\t\t\t<div data-id=\"521e6f5\" class=\"elementor-element elementor-element-521e6f5 elementor-column elementor-col-33 elementor-top-column\" data-element_type=\"column\">\n\t\t\t<div class=\"elementor-column-wrap elementor-element-populated\">\n\t\t\t\t\t<div class=\"elementor-widget-wrap\">\n\t\t\t\t<div data-id=\"91679ec\" class=\"elementor-element elementor-element-91679ec elementor-widget elementor-widget-text-editor\" data-element_type=\"text-editor.default\">\n\t\t\t\t<div class=\"elementor-widget-container\">\n\t\t\t\t\t<div class=\"elementor-text-editor elementor-clearfix\"><p>Todos os Direitos Reservados ao Grupo Pitangueira<\/p><\/div>\n\t\t\t\t<\/div>\n\t\t\t\t<\/div>\n\t\t\t\t\t\t<\/div>\n\t\t\t<\/div>\n\t\t<\/div>\n\t\t\t\t<div data-id=\"321ddad\" class=\"elementor-element elementor-element-321ddad elementor-column elementor-col-33 elementor-top-column\" data-element_type=\"column\">\n\t\t\t<div class=\"elementor-column-wrap elementor-element-populated\">\n\t\t\t\t\t<div class=\"elementor-widget-wrap\">\n\t\t\t\t<div data-id=\"c42dbc9\" class=\"elementor-element elementor-element-c42dbc9 elementor-widget elementor-widget-text-editor\" data-element_type=\"text-editor.default\">\n\t\t\t\t<div class=\"elementor-widget-container\">\n\t\t\t\t\t<div class=\"elementor-text-editor elementor-clearfix\"><p>Rua Bar\u00e3o de Mesquita, 448<br \/>(21) 3042-1111 \/ 3042-4046<br \/>contato@espacobaoba.com.br<\/p><\/div>\n\t\t\t\t<\/div>\n\t\t\t\t<\/div>\n\t\t\t\t\t\t<\/div>\n\t\t\t<\/div>\n\t\t<\/div>\n\t\t\t\t<div data-id=\"2ab78e5\" class=\"elementor-element elementor-element-2ab78e5 elementor-column elementor-col-33 elementor-top-column\" data-element_type=\"column\">\n\t\t\t<div class=\"elementor-column-wrap elementor-element-populated\">\n\t\t\t\t\t<div class=\"elementor-widget-wrap\">\n\t\t\t\t<div data-id=\"7275a36\" class=\"elementor-element elementor-element-7275a36 elementor-shape-circle elementor-widget elementor-widget-social-icons\" data-element_type=\"social-icons.default\">\n\t\t\t\t<div class=\"elementor-widget-container\">\n\t\t\t\t\t<div class=\"elementor-social-icons-wrapper\">\n\t\t\t\t\t\t\t<a class=\"elementor-icon elementor-social-icon elementor-social-icon-facebook\" href=\"http:\/\/www.facebook.com\/espacobaobafestas\" target=\"_blank\">\n\t\t\t\t\t<span class=\"elementor-screen-only\">Facebook<\/span>\n\t\t\t\t\t<i class=\"fa fa-facebook\"><\/i>\n\t\t\t\t<\/a>\n\t\t\t\t\t\t\t<a class=\"elementor-icon elementor-social-icon elementor-social-icon-instagram\" href=\"http:\/\/www.instagram.com\/espacobaobafestas\" target=\"_blank\">\n\t\t\t\t\t<span class=\"elementor-screen-only\">Instagram<\/span>\n\t\t\t\t\t<i class=\"fa fa-instagram\"><\/i>\n\t\t\t\t<\/a>\n\t\t\t\t\t<\/div>\n\t\t\t\t<\/div>\n\t\t\t\t<\/div>\n\t\t\t\t\t\t<\/div>\n\t\t\t<\/div>\n\t\t<\/div>\n\t\t\t\t\t\t<\/div>\n\t\t\t<\/div>\n\t\t<\/section>\n\t\t\t\t\t\t<\/div>\n\t\t\t<\/div>\n\t\t<\/div>\n\t\t","protected":false},"excerpt":{"rendered":"<p>A Baoba Nosso Espa\u00e7o Destaque Nossas Festas Solicite j\u00e1 seu Or\u00e7lamento A Baoba Em 2013, nascia o Espa\u00e7o Baob\u00e1: uma casa de festas diferenciada, para todas as idades, localizada na &#8230;<\/p>\n","protected":false},"author":1,"featured_media":0,"parent":0,"menu_order":0,"comment_status":"closed","ping_status":"closed","template":"elementor_canvas","meta":[],"_links":{"self":[{"href":"https:\/\/grupopitangueira.com.br\/staging\/wp-json\/wp\/v2\/pages\/312"}],"collection":[{"href":"https:\/\/grupopitangueira.com.br\/staging\/wp-json\/wp\/v2\/pages"}],"about":[{"href":"https:\/\/grupopitangueira.com.br\/staging\/wp-json\/wp\/v2\/types\/page"}],"author":[{"embeddable":true,"href":"https:\/\/grupopitangueira.com.br\/staging\/wp-json\/wp\/v2\/users\/1"}],"replies":[{"embeddable":true,"href":"https:\/\/grupopitangueira.com.br\/staging\/wp-json\/wp\/v2\/comments?post=312"}],"version-history":[{"count":10,"href":"https:\/\/grupopitangueira.com.br\/staging\/wp-json\/wp\/v2\/pages\/312\/revisions"}],"predecessor-version":[{"id":479,"href":"https:\/\/grupopitangueira.com.br\/staging\/wp-json\/wp\/v2\/pages\/312\/revisions\/479"}],"wp:attachment":[{"href":"https:\/\/grupopitangueira.com.br\/staging\/wp-json\/wp\/v2\/media?parent=312"}],"curies":[{"name":"wp","href":"https:\/\/api.w.org\/{rel}","templated":true}]}}